{"id":2614,"date":"2024-10-07T11:13:40","date_gmt":"2024-10-07T09:13:40","guid":{"rendered":"https:\/\/masaiadventure.com\/informativa\/"},"modified":"2024-10-28T12:13:16","modified_gmt":"2024-10-28T11:13:16","slug":"informativa","status":"publish","type":"page","link":"https:\/\/masaiadventure.com\/it\/informativa\/","title":{"rendered":"Informativa"},"content":{"rendered":"\t\t<div data-elementor-type=\"wp-page\" data-elementor-id=\"2614\" class=\"elementor elementor-2614 elementor-991\" data-elementor-post-type=\"page\">\n\t\t\t\t<div class=\"elementor-element elementor-element-e8752f1 e-flex e-con-boxed e-con e-parent\" data-id=\"e8752f1\" data-element_type=\"container\" data-e-type=\"container\" data-settings=\"{&quot;background_background&quot;:&quot;slideshow&quot;,&quot;background_slideshow_gallery&quot;:[{&quot;id&quot;:413,&quot;url&quot;:&quot;https:\\\/\\\/masaiadventure.com\\\/wp-content\\\/uploads\\\/2024\\\/10\\\/david-clode-YV_WwNH09cI-unsplash.jpg&quot;}],&quot;background_slideshow_ken_burns&quot;:&quot;yes&quot;,&quot;background_slideshow_ken_burns_zoom_direction&quot;:&quot;out&quot;,&quot;background_slideshow_loop&quot;:&quot;yes&quot;,&quot;background_slideshow_slide_duration&quot;:5000,&quot;background_slideshow_slide_transition&quot;:&quot;fade&quot;,&quot;background_slideshow_transition_duration&quot;:500,&quot;background_motion_fx_devices&quot;:[&quot;desktop&quot;,&quot;tablet&quot;,&quot;mobile&quot;]}\">\n\t\t\t\t\t<div class=\"e-con-inner\">\n\t\t<div class=\"elementor-element elementor-element-0304d5f e-con-full e-flex e-con e-child\" data-id=\"0304d5f\" data-element_type=\"container\" data-e-type=\"container\">\n\t\t\t\t<div class=\"elementor-element elementor-element-76838d3 animated-slow elementor-invisible elementor-widget elementor-widget-heading\" data-id=\"76838d3\" data-element_type=\"widget\" data-e-type=\"widget\" data-settings=\"{&quot;_animation&quot;:&quot;fadeInUp&quot;}\" data-widget_type=\"heading.default\">\n\t\t\t\t<div class=\"elementor-widget-container\">\n\t\t\t\t\t<h2 class=\"elementor-heading-title elementor-size-default\">Informativa<\/h2>\t\t\t\t<\/div>\n\t\t\t\t<\/div>\n\t\t\t\t<div class=\"elementor-element elementor-element-dd972f5 elementor-align-center elementor-invisible elementor-widget elementor-widget-breadcrumbs\" data-id=\"dd972f5\" data-element_type=\"widget\" data-e-type=\"widget\" data-settings=\"{&quot;_animation&quot;:&quot;fadeInUp&quot;,&quot;_animation_delay&quot;:200}\" data-widget_type=\"breadcrumbs.default\">\n\t\t\t\t<div class=\"elementor-widget-container\">\n\t\t\t\t\t<p id=\"breadcrumbs\"><span><span><a href=\"https:\/\/masaiadventure.com\/it\/\">Home<\/a><\/span><\/span><\/p>\t\t\t\t<\/div>\n\t\t\t\t<\/div>\n\t\t\t\t<\/div>\n\t\t\t\t\t<\/div>\n\t\t\t\t<\/div>\n\t\t<div class=\"elementor-element elementor-element-4b8e98d e-flex e-con-boxed e-con e-parent\" data-id=\"4b8e98d\" data-element_type=\"container\" data-e-type=\"container\" data-settings=\"{&quot;background_background&quot;:&quot;classic&quot;}\">\n\t\t\t\t\t<div class=\"e-con-inner\">\n\t\t\t\t<div class=\"elementor-element elementor-element-5b8cb1d elementor-widget elementor-widget-text-editor\" data-id=\"5b8cb1d\" data-element_type=\"widget\" data-e-type=\"widget\" data-widget_type=\"text-editor.default\">\n\t\t\t\t<div class=\"elementor-widget-container\">\n\t\t\t\t\t\t\t\t\t<strong>Informazioni fornite ai sensi dell&#8217;art. 13 del D.Lgs. n. 196\/2003 e degli artt. 13-14 del Regolamento UE n. 2016\/679<\/strong>\r\n\r\nI dati da Lei forniti con la compilazione del presente modulo saranno trattati con strumenti cartacei e informatici. I suoi dati saranno utilizzati esclusivamente per consentirci di rispondere alla sua richiesta. Il conferimento di tali dati e il consenso al loro trattamento sono obbligatori; il mancato conferimento comporter\u00e0 l&#8217;impossibilit\u00e0 di inviare la mail di richiesta di contatto e di rispondervi. I dati da Lei forniti potranno essere utilizzati, previo Suo consenso, anche per l&#8217;invio di materiale informativo o pubblicitario, ovvero per comunicazioni commerciali relative a nuovi prodotti o ad aggiornamenti e nuove informazioni su prodotti gi\u00e0 esistenti. Il conferimento dei dati per tali finalit\u00e0 e\/o il consenso al trattamento dei dati per tali finalit\u00e0 non \u00e8 obbligatorio e il mancato conferimento non comporta l&#8217;impossibilit\u00e0 di fornire il servizio richiesto. I Suoi dati saranno da noi conservati per il tempo strettamente necessario alla gestione delle Sue richieste.\r\n\r\nIl Titolare del trattamento \u00e8 Erika Tola &#8211; Masaiadventure , alla quale potr\u00e0 rivolgersi per l&#8217;esercizio dei Suoi diritti ai sensi dell&#8217;art. 7 del D.Lgs. n. 196\/2003. 7 del D.Lgs. n. 196\/2003 e degli artt. 15-22 del Regolamento UE n. 2016\/679. Per visualizzare l&#8217;informativa completa, segua questo link (https:\/\/masaiadventure.com\/privacy-policy\/)\t\t\t\t\t\t\t\t<\/div>\n\t\t\t\t<\/div>\n\t\t\t\t<div class=\"elementor-element elementor-element-d6c4034 elementor-widget elementor-widget-text-editor\" data-id=\"d6c4034\" data-element_type=\"widget\" data-e-type=\"widget\" data-widget_type=\"text-editor.default\">\n\t\t\t\t<div class=\"elementor-widget-container\">\n\t\t\t\t\t\t\t\t\t<p><strong>Informativa ai sensi dell&#8217;art. 13 del D.Lgs 196\/2003 e ex artt. 13-14 Reg.to UE 2016\/679<\/strong><\/p>\r\n<p>I dati conferiti con la compilazione del presente modulo saranno oggetto di trattamento cartaceo ed informatizzato. I suoi dati saranno utilizzati esclusivamente per poter rispondere alla Sua richiesta. Il conferimento dei dati e il consenso al trattamento \u00e8 obbligatorio, la sua mancanza comporter\u00e0 l\u2019impossibilit\u00e0 d\u2019inviare l\u2019eMail di richiesta di contatto e di poterLe rispondere. I dati da Lei conferiti potranno essere, previo Suo consenso, anche utilizzati per l\u2019invio di materiale informativo e pubblicitario o per comunicazioni commerciali riguardanti nuovi prodotti o aggiornamenti e novit\u00e0 sui prodotti gi\u00e0 esistenti. Il conferimento dei dati per tale finalit\u00e0 e\/o il consenso al trattamento \u00e8 facoltativo e la sua mancanza non potr\u00e0 comportare l\u2019impossibilit\u00e0 di eseguire la prestazione richiesta. I dati verranno da noi conservati per il tempo strettamente necessario alla gestione di quanto da Lei richiesto.<\/p>\r\n<p>Titolare del trattamento \u00e8 Erika Tola &#8211; Masaiadventure a cui potr\u00e0 rivolgersi per l\u2019esercizio dei diritti di cui all\u2019art 7 D.lgs. 196\/2003 ex artt. 15-22 Reg.to UE 2016\/679. Per la visione dell\u2019informativa completa si rimanda a questo\u00a0<u><a href=\"https:\/\/masaiadventure.com\/it\/privacy-policy\/\" target=\"_blank\" rel=\"noopener\">link<\/a><\/u>\u00a0<em>(https:\/\/masaiadventure.com\/it\/privacy-policy\/)<\/em><\/p>\t\t\t\t\t\t\t\t<\/div>\n\t\t\t\t<\/div>\n\t\t\t\t\t<\/div>\n\t\t\t\t<\/div>\n\t\t\t\t<\/div>\n\t\t","protected":false},"excerpt":{"rendered":"<p>Informazioni fornite ai sensi dell&#8217;art. 13 del D.Lgs. n. 196\/2003 e degli artt. 13-14 del Regolamento UE n. 2016\/679 I dati da Lei forniti con la compilazione del presente modulo saranno trattati con strumenti cartacei e informatici. I suoi dati saranno utilizzati esclusivamente per consentirci di rispondere alla sua richiesta. Il conferimento di tali dati [&hellip;]<\/p>\n","protected":false},"author":1,"featured_media":0,"parent":0,"menu_order":0,"comment_status":"closed","ping_status":"closed","template":"elementor_header_footer","meta":{"footnotes":""},"class_list":["post-2614","page","type-page","status-publish","hentry"],"yoast_head":"<!-- This site is optimized with the Yoast SEO plugin v27.4 - https:\/\/yoast.com\/product\/yoast-seo-wordpress\/ -->\n<title>Informativa - masaiadventure<\/title>\n<meta name=\"robots\" content=\"index, follow, max-snippet:-1, max-image-preview:large, max-video-preview:-1\" \/>\n<link rel=\"canonical\" href=\"https:\/\/masaiadventure.com\/informativa\/\" \/>\n<meta property=\"og:locale\" content=\"it_IT\" \/>\n<meta property=\"og:type\" content=\"article\" \/>\n<meta property=\"og:title\" content=\"Informativa - masaiadventure\" \/>\n<meta property=\"og:description\" content=\"Informazioni fornite ai sensi dell&#8217;art. 13 del D.Lgs. n. 196\/2003 e degli artt. 13-14 del Regolamento UE n. 2016\/679 I dati da Lei forniti con la compilazione del presente modulo saranno trattati con strumenti cartacei e informatici. I suoi dati saranno utilizzati esclusivamente per consentirci di rispondere alla sua richiesta. Il conferimento di tali dati [&hellip;]\" \/>\n<meta property=\"og:url\" content=\"https:\/\/masaiadventure.com\/informativa\/\" \/>\n<meta property=\"og:site_name\" content=\"masaiadventure\" \/>\n<meta property=\"article:modified_time\" content=\"2024-10-28T11:13:16+00:00\" \/>\n<meta name=\"twitter:card\" content=\"summary_large_image\" \/>\n<meta name=\"twitter:label1\" content=\"Tempo di lettura stimato\" \/>\n\t<meta name=\"twitter:data1\" content=\"2 minuti\" \/>\n<script type=\"application\/ld+json\" class=\"yoast-schema-graph\">{\"@context\":\"https:\\\/\\\/schema.org\",\"@graph\":[{\"@type\":\"WebPage\",\"@id\":\"https:\\\/\\\/masaiadventure.com\\\/informativa\\\/\",\"url\":\"https:\\\/\\\/masaiadventure.com\\\/informativa\\\/\",\"name\":\"Informativa - masaiadventure\",\"isPartOf\":{\"@id\":\"https:\\\/\\\/masaiadventure.com\\\/#website\"},\"datePublished\":\"2024-10-07T09:13:40+00:00\",\"dateModified\":\"2024-10-28T11:13:16+00:00\",\"breadcrumb\":{\"@id\":\"https:\\\/\\\/masaiadventure.com\\\/informativa\\\/#breadcrumb\"},\"inLanguage\":\"it-IT\",\"potentialAction\":[{\"@type\":\"ReadAction\",\"target\":[\"https:\\\/\\\/masaiadventure.com\\\/informativa\\\/\"]}]},{\"@type\":\"BreadcrumbList\",\"@id\":\"https:\\\/\\\/masaiadventure.com\\\/informativa\\\/#breadcrumb\",\"itemListElement\":[{\"@type\":\"ListItem\",\"position\":1,\"name\":\"Home\",\"item\":\"https:\\\/\\\/masaiadventure.com\\\/it\\\/\"},{\"@type\":\"ListItem\",\"position\":2,\"name\":\"Informativa\"}]},{\"@type\":\"WebSite\",\"@id\":\"https:\\\/\\\/masaiadventure.com\\\/#website\",\"url\":\"https:\\\/\\\/masaiadventure.com\\\/\",\"name\":\"masaiadventure\",\"description\":\"\",\"publisher\":{\"@id\":\"https:\\\/\\\/masaiadventure.com\\\/#organization\"},\"potentialAction\":[{\"@type\":\"SearchAction\",\"target\":{\"@type\":\"EntryPoint\",\"urlTemplate\":\"https:\\\/\\\/masaiadventure.com\\\/?s={search_term_string}\"},\"query-input\":{\"@type\":\"PropertyValueSpecification\",\"valueRequired\":true,\"valueName\":\"search_term_string\"}}],\"inLanguage\":\"it-IT\"},{\"@type\":\"Organization\",\"@id\":\"https:\\\/\\\/masaiadventure.com\\\/#organization\",\"name\":\"masaiadventure\",\"url\":\"https:\\\/\\\/masaiadventure.com\\\/\",\"logo\":{\"@type\":\"ImageObject\",\"inLanguage\":\"it-IT\",\"@id\":\"https:\\\/\\\/masaiadventure.com\\\/#\\\/schema\\\/logo\\\/image\\\/\",\"url\":\"https:\\\/\\\/masaiadventure.com\\\/wp-content\\\/uploads\\\/2024\\\/09\\\/NoSfondoBianco.png\",\"contentUrl\":\"https:\\\/\\\/masaiadventure.com\\\/wp-content\\\/uploads\\\/2024\\\/09\\\/NoSfondoBianco.png\",\"width\":1897,\"height\":1214,\"caption\":\"masaiadventure\"},\"image\":{\"@id\":\"https:\\\/\\\/masaiadventure.com\\\/#\\\/schema\\\/logo\\\/image\\\/\"}}]}<\/script>\n<!-- \/ Yoast SEO plugin. -->","yoast_head_json":{"title":"Informativa - masaiadventure","robots":{"index":"index","follow":"follow","max-snippet":"max-snippet:-1","max-image-preview":"max-image-preview:large","max-video-preview":"max-video-preview:-1"},"canonical":"https:\/\/masaiadventure.com\/informativa\/","og_locale":"it_IT","og_type":"article","og_title":"Informativa - masaiadventure","og_description":"Informazioni fornite ai sensi dell&#8217;art. 13 del D.Lgs. n. 196\/2003 e degli artt. 13-14 del Regolamento UE n. 2016\/679 I dati da Lei forniti con la compilazione del presente modulo saranno trattati con strumenti cartacei e informatici. I suoi dati saranno utilizzati esclusivamente per consentirci di rispondere alla sua richiesta. Il conferimento di tali dati [&hellip;]","og_url":"https:\/\/masaiadventure.com\/informativa\/","og_site_name":"masaiadventure","article_modified_time":"2024-10-28T11:13:16+00:00","twitter_card":"summary_large_image","twitter_misc":{"Tempo di lettura stimato":"2 minuti"},"schema":{"@context":"https:\/\/schema.org","@graph":[{"@type":"WebPage","@id":"https:\/\/masaiadventure.com\/informativa\/","url":"https:\/\/masaiadventure.com\/informativa\/","name":"Informativa - masaiadventure","isPartOf":{"@id":"https:\/\/masaiadventure.com\/#website"},"datePublished":"2024-10-07T09:13:40+00:00","dateModified":"2024-10-28T11:13:16+00:00","breadcrumb":{"@id":"https:\/\/masaiadventure.com\/informativa\/#breadcrumb"},"inLanguage":"it-IT","potentialAction":[{"@type":"ReadAction","target":["https:\/\/masaiadventure.com\/informativa\/"]}]},{"@type":"BreadcrumbList","@id":"https:\/\/masaiadventure.com\/informativa\/#breadcrumb","itemListElement":[{"@type":"ListItem","position":1,"name":"Home","item":"https:\/\/masaiadventure.com\/it\/"},{"@type":"ListItem","position":2,"name":"Informativa"}]},{"@type":"WebSite","@id":"https:\/\/masaiadventure.com\/#website","url":"https:\/\/masaiadventure.com\/","name":"masaiadventure","description":"","publisher":{"@id":"https:\/\/masaiadventure.com\/#organization"},"potentialAction":[{"@type":"SearchAction","target":{"@type":"EntryPoint","urlTemplate":"https:\/\/masaiadventure.com\/?s={search_term_string}"},"query-input":{"@type":"PropertyValueSpecification","valueRequired":true,"valueName":"search_term_string"}}],"inLanguage":"it-IT"},{"@type":"Organization","@id":"https:\/\/masaiadventure.com\/#organization","name":"masaiadventure","url":"https:\/\/masaiadventure.com\/","logo":{"@type":"ImageObject","inLanguage":"it-IT","@id":"https:\/\/masaiadventure.com\/#\/schema\/logo\/image\/","url":"https:\/\/masaiadventure.com\/wp-content\/uploads\/2024\/09\/NoSfondoBianco.png","contentUrl":"https:\/\/masaiadventure.com\/wp-content\/uploads\/2024\/09\/NoSfondoBianco.png","width":1897,"height":1214,"caption":"masaiadventure"},"image":{"@id":"https:\/\/masaiadventure.com\/#\/schema\/logo\/image\/"}}]}},"_links":{"self":[{"href":"https:\/\/masaiadventure.com\/it\/wp-json\/wp\/v2\/pages\/2614","targetHints":{"allow":["GET"]}}],"collection":[{"href":"https:\/\/masaiadventure.com\/it\/wp-json\/wp\/v2\/pages"}],"about":[{"href":"https:\/\/masaiadventure.com\/it\/wp-json\/wp\/v2\/types\/page"}],"author":[{"embeddable":true,"href":"https:\/\/masaiadventure.com\/it\/wp-json\/wp\/v2\/users\/1"}],"replies":[{"embeddable":true,"href":"https:\/\/masaiadventure.com\/it\/wp-json\/wp\/v2\/comments?post=2614"}],"version-history":[{"count":1,"href":"https:\/\/masaiadventure.com\/it\/wp-json\/wp\/v2\/pages\/2614\/revisions"}],"predecessor-version":[{"id":2615,"href":"https:\/\/masaiadventure.com\/it\/wp-json\/wp\/v2\/pages\/2614\/revisions\/2615"}],"wp:attachment":[{"href":"https:\/\/masaiadventure.com\/it\/wp-json\/wp\/v2\/media?parent=2614"}],"curies":[{"name":"wp","href":"https:\/\/api.w.org\/{rel}","templated":true}]}}