{"id":2270,"date":"2024-10-07T11:12:39","date_gmt":"2024-10-07T09:12:39","guid":{"rendered":"http:\/\/masaiadventure.com\/cookie-policy\/"},"modified":"2026-04-16T20:53:09","modified_gmt":"2026-04-16T18:53:09","slug":"cookie-policy","status":"publish","type":"page","link":"https:\/\/masaiadventure.com\/it\/cookie-policy\/","title":{"rendered":"Cookie policy"},"content":{"rendered":"\t\t<div data-elementor-type=\"wp-page\" data-elementor-id=\"2270\" class=\"elementor elementor-2270 elementor-987\" data-elementor-post-type=\"page\">\n\t\t\t\t<div class=\"elementor-element elementor-element-76167f9 e-flex e-con-boxed e-con e-parent\" data-id=\"76167f9\" data-element_type=\"container\" data-e-type=\"container\" data-settings=\"{&quot;background_background&quot;:&quot;slideshow&quot;,&quot;background_slideshow_gallery&quot;:[{&quot;id&quot;:1587,&quot;url&quot;:&quot;https:\\\/\\\/masaiadventure.com\\\/wp-content\\\/uploads\\\/2024\\\/10\\\/david-clode-YV_WwNH09cI-unsplash.jpg&quot;}],&quot;background_slideshow_ken_burns&quot;:&quot;yes&quot;,&quot;background_slideshow_ken_burns_zoom_direction&quot;:&quot;out&quot;,&quot;background_slideshow_loop&quot;:&quot;yes&quot;,&quot;background_slideshow_slide_duration&quot;:5000,&quot;background_slideshow_slide_transition&quot;:&quot;fade&quot;,&quot;background_slideshow_transition_duration&quot;:500,&quot;background_motion_fx_devices&quot;:[&quot;desktop&quot;,&quot;tablet&quot;,&quot;mobile&quot;]}\">\n\t\t\t\t\t<div class=\"e-con-inner\">\n\t\t<div class=\"elementor-element elementor-element-b2d9e61 e-con-full e-flex e-con e-child\" data-id=\"b2d9e61\" data-element_type=\"container\" data-e-type=\"container\">\n\t\t\t\t<div class=\"elementor-element elementor-element-2672f3c animated-slow elementor-invisible elementor-widget elementor-widget-heading\" data-id=\"2672f3c\" data-element_type=\"widget\" data-e-type=\"widget\" data-settings=\"{&quot;_animation&quot;:&quot;fadeInUp&quot;}\" data-widget_type=\"heading.default\">\n\t\t\t\t<div class=\"elementor-widget-container\">\n\t\t\t\t\t<h2 class=\"elementor-heading-title elementor-size-default\">Cookie policy<\/h2>\t\t\t\t<\/div>\n\t\t\t\t<\/div>\n\t\t\t\t<div class=\"elementor-element elementor-element-5ad66f9 elementor-align-center elementor-invisible elementor-widget elementor-widget-breadcrumbs\" data-id=\"5ad66f9\" data-element_type=\"widget\" data-e-type=\"widget\" data-settings=\"{&quot;_animation&quot;:&quot;fadeInUp&quot;,&quot;_animation_delay&quot;:200}\" data-widget_type=\"breadcrumbs.default\">\n\t\t\t\t<div class=\"elementor-widget-container\">\n\t\t\t\t\t<p id=\"breadcrumbs\"><span><span><a href=\"https:\/\/masaiadventure.com\/it\/\">Home<\/a><\/span><\/span><\/p>\t\t\t\t<\/div>\n\t\t\t\t<\/div>\n\t\t\t\t<\/div>\n\t\t\t\t\t<\/div>\n\t\t\t\t<\/div>\n\t\t<div class=\"elementor-element elementor-element-5d46e25 e-flex e-con-boxed e-con e-parent\" data-id=\"5d46e25\" data-element_type=\"container\" data-e-type=\"container\" data-settings=\"{&quot;background_background&quot;:&quot;classic&quot;}\">\n\t\t\t\t\t<div class=\"e-con-inner\">\n\t\t\t\t<div class=\"elementor-element elementor-element-81cc2be elementor-widget elementor-widget-text-editor\" data-id=\"81cc2be\" data-element_type=\"widget\" data-e-type=\"widget\" data-widget_type=\"text-editor.default\">\n\t\t\t\t<div class=\"elementor-widget-container\">\n\t\t\t\t\t\t\t\t\t<p><strong>Informativa sui cookies&nbsp;<\/strong><\/p>\n<p>Questa informativa illustra in dettaglio come questo sito utilizza i cookie nonche\u0301 i file tipo cookie e le tecnologie sui suoi siti web, ad esempio i Local Shared Objects, noti anche come i &#8220;cookie di Flash&#8221;, i Web beacon, ecc. Ci riferiremo a questi generalmente come \u201ccookie\u201d. Se visiti il nostro sito web e le impostazioni del tuo browser accettano i cookie, l&#8217;utilizzo dei nostri cookie sara\u0300 considerato accettato.<\/p>\n<p>I cookie sono piccoli file inviati e memorizzati nel tuo computer dai siti web che visiti. I cookie sono memorizzati nella directory dei file del tuo browser. La volta successiva in cui visiterai il sito, il tuo browser leggera\u0300 il cookie e ritrasmettera\u0300 le informazioni al sito web o all&#8217;entita\u0300 che originariamente ha creato il cookie. Per saperne di piu\u0300 su queste tecnologie e su come funzionano, visita, ad esempio, il sito allaboutcookies.org.<\/p>\n<p>I cookies di sessione utilizzati in questo sito evitano il ricorso ad altre tecniche informatiche potenzialmente pregiudizievoli per la riservatezza della navigazione degli utenti e non consentono l&#8217;acquisizione di dati personali identificativi dell&#8217;utente.<\/p>\n<p>I tempi di conservazione dei dati acquisiti dipendono dai tipi di cookie. I cookie della sessione scadono quando viene chiuso il browser. I cookie persistenti, incluso i Local Shared Objects \ufd3e\u201ccookie di Flash\u201d\ufd3f, hanno date di scadenza tipiche che vanno da due mesi fino a un paio di anni.<\/p>\n<p><strong>Come disabilitare i cookie (opt-out)<\/strong><\/p>\n<p>La maggioranza dei browser internet sono inizialmente impostati per accettare i cookie in modo automatico. Ci\u00f2 significa che hai la possibilit\u00e0, in ogni momento, di impostare il tuo browser in modo da accettare tutti i cookie, solo alcuni, oppure di rifiutarli, disabilitandone l\u2019uso da parte dei siti. Inoltre puoi normalmente impostare le preferenze del tuo browser in modo tale da essere avvisato ogni volta che un cookie viene memorizzato nel tuo computer. Al termine di ogni sessione di navigazione, infine, puoi cancellare dal disco fisso del tuo dispositivo i cookie raccolti. Se vuoi eliminare i cookie installati nella cartella dei cookie del browser utilizzato, occorre rammentare che ciascun browser presenta procedure diverse per la gestione delle impostazioni.<\/p>\n<p>Puoi trovare informazioni su come gestire i Cookie nel tuo browser ai seguenti indirizzi:<\/p>\n<p><u>Google Chrome&nbsp;<\/u>(<a href=\"https:\/\/support.google.com\/chrome\/answer\/95647?co=GENIE.Platform%3DDesktop&amp;hl=it\" target=\"_blank\" rel=\"noopener\">https:\/\/support.google.com\/chrome\/answer\/95647?co=GENIE.Platform%3DDesktop&amp;hl=it<\/a>)<br><a href=\"https:\/\/support.mozilla.org\/it\/kb\/Gestione%20dei%20cookie\" target=\"_blank\" rel=\"noopener\"><u>Mozilla Firefox&nbsp;<\/u>(https:\/\/support.mozilla.org\/it\/kb\/Gestione%20dei%20cookie)&nbsp;<\/a><br><a href=\"https:\/\/support.apple.com\/kb\/ph19214?locale=it_IT\" target=\"_blank\" rel=\"noopener\"><u>Apple Safari&nbsp;<\/u>(https:\/\/support.apple.com\/kb\/ph19214?locale=it_IT)<\/a><br><a href=\"https:\/\/support.apple.com\/it-it\/HT201265\" target=\"_blank\" rel=\"noopener\"><u>Apple Safari per dispositivi mobili&nbsp;<\/u>(https:\/\/support.apple.com\/it-it\/HT201265)&nbsp;<\/a><br><a href=\"https:\/\/support.microsoft.com\/it-it\/help\/17442\/windows-internet-explorer-delete-manage-cookies\" target=\"_blank\" rel=\"noopener\"><u>Microsoft Windows Explorer&nbsp;<\/u>(https:\/\/support.microsoft.com\/it-it\/help\/17442\/windows-internet-explorer-delete-manage-cookies)&nbsp;<\/a><br><a href=\"https:\/\/privacy.microsoft.com\/it-IT\/windows-10-microsoft-edge-and-privacy\" target=\"_blank\" rel=\"noopener\"><u>Microsoft Windows Edge&nbsp;<\/u>(https:\/\/privacy.microsoft.com\/it-IT\/windows-10-microsoft-edge-and-privacy)<\/a><\/p>\n<p>Inoltre per non ricevere i cookie di Google Analytics puoi visitare la pagina:&nbsp;<a href=\"https:\/\/tools.google.com\/dlpage\/gaoptout\/\" target=\"_blank\" rel=\"noopener\">https:\/\/tools.google.com\/dlpage\/gaoptout\/<br><\/a>In alternativa \u00e8 possibile disabilitare soltanto i cookie di Google Analytics, utilizzando il componente aggiuntivo di opt-out fornito da Google per i browser principali.<br>Se vuoi saperne di pi\u00f9 sui cookie in generale visita la pagina www.allaboutcookies.org.<\/p>\n<p><strong>Cookie tecnici che non richiedono consenso<\/strong><\/p>\n<p>I cookie cosiddetti \u201ctecnici\u201d, per i quali non \u00e8 richiesto alcun consenso al loro trattamento, sono da considerarsi i seguenti:<\/p>\n<ol>\n<li>a) Cookie relativi ad attivit\u00e0 strettamente necessarie al funzionamento del sito e all\u2019erogazione del servizio: sono cookie volti a garantire la normale navigazione del sito. Nella maggior parte dei casi si tratta di cookie di sessione.<\/li>\n<li>b) Cookie di funzionalit\u00e0, relativi ad attivit\u00e0 di ottimizzazione: sono cookie che permettono all\u2019utente di navigare sul sito in funzione dei criteri selezionati (come ad esempio la lingua, la valuta, il contenuto del carrello durante gli acquisti online) al fine di consentire la fruizione dei servizi resi e\/o di migliorarli. Nella maggior parte dei casi si tratta di cookie che hanno una durata massima di 365 giorni.<\/li>\n<\/ol>\n<p>Tutti i cookie tecnici non richiedono consenso, perci\u00f2 vengono installati automaticamente a seguito dell\u2019accesso al sito e non vengono utilizzati per scopi ulteriori.<\/p>\n<p><strong>Servizi e cookies erogati da Terze Parti<\/strong><\/p>\n<p>In caso di servizi erogati da terze parti, puoi inoltre esercitare il tuo diritto ad opporti al tracciamento informandoti tramite la privacy policy della terza parte, tramite il link di opt out se esplicitamente fornito o contattando direttamente la stessa.<br>Fermo restando quanto poc\u2019anzi affermato, il Titolare t\u2019informa che puoi avvalerti di Your Online Choices (<a href=\"http:\/\/www.youronlinechoices.com\/\" target=\"_blank\" rel=\"noopener\">http:\/\/www.youronlinechoices.com\/<\/a>). Attraverso tale servizio ti \u00e8 possibile gestire le preferenze di tracciamento della maggior parte degli strumenti pubblicitari. Il Titolare, pertanto, ti consiglia di utilizzare tale risorsa in aggiunta alle informazioni fornite dal presente documento.<\/p>\n<p>Dal momento che l&#8217;installazione di Cookie e di altri sistemi di tracciamento operata da terze parti tramite i servizi utilizzati all&#8217;interno di questo Sito non pu\u00f2 essere tecnicamente controllato dal Titolare, ogni riferimento specifico a Cookie e sistemi di tracciamento installati da terze parti \u00e8 da considerarsi indicativo. Per ottenere informazioni complete, consulta la privacy policy degli eventuali servizi terzi.<br>Vista l&#8217;oggettiva complessit\u00e0 legata all&#8217;identificazione delle tecnologie basate sui Cookie ed alla loro integrazione molto stretta con il funzionamento del web, sei invitato a contattare il Titolare qualora volessi ricevere qualunque approfondimento relativo all&#8217;utilizzo dei Cookie stessi e ad eventuali utilizzi degli stessi \u2013 ad esempio ad opera di terzi \u2013 effettuati tramite questo sito.<\/p>\n<p><strong>Cookie Policy del sito https:\/\/masaiadventure.com\/<\/strong><\/p>\n<p>Il sito https:\/\/masaiadventure.com\/ utilizza due tipi di cookie: cookie di sessione per l\u2019autenticazione (gestione del sito, aree riservate e accettazione dei cookie) e cookie tecnici di monitoraggio (Google Analytics, opportunamente anonimizzato).<\/p>\n<p><strong>Cookie di sessione (indispensabili per la gestione del sito)<\/strong><\/p>\n<p>Il sito https:\/\/masaiadventure.com\/ utilizza cookie http di sessione per gestire l\u2019autenticazione per la gestione del sito e per accedere alle aree riservate. L\u2019uso di cookie di sessione (che non vengono memorizzati in modo persistente sul computer dell\u2019utente e si eliminano con la chiusura del browser) \u00e8 strettamente limitato alla trasmissione di identificativi di sessione necessari per consentire l\u2019esplorazione sicura ed efficiente del sito. E\u2019 presente un cookie per la registrazione delle opzioni relative ai cookies.<\/p>\n<p>1.Nome &#8211; wordpress_test_cookie, Tipologia &#8211; cookie tecnico, Durata \u2013 sessione, Funzione &#8211; verifica la possibilit\u00e0 di registrare cookie sul browser dell\u2019utente;<br>2.Nome &#8211; wordpress_logged_in_[hash], Tipologia &#8211; cookie tecnico, Durata \u2013 sessione, Funzione &#8211; identifica l\u2019utente loggato per la gestione del sito (front-end), [hash] \u00e8 un\u2019identificativo unico di username e password;<br>3.Nome &#8211; wordpress_[hash], Tipologia &#8211; cookie tecnico, Durata \u2013 sessione, Funzione &#8211; identifica l\u2019utente loggato per la gestione del sito (back-end), [hash] \u00e8 un\u2019identificativo unico di username e password;<br>4.Nome &#8211; wp-settings-[UID], Tipologia &#8211; cookie tecnico, Durata \u2013 1 anno, Funzione &#8211; memorizza le impostazioni di utilizzo dell\u2019utente loggato identificato tramite [UID] che corrisponde al numero progressivo dell\u2019utente registrato;<br>5.Nome &#8211; wp-settings-time-[UID], Tipologia &#8211; cookie tecnico, Durata \u2013 1 anno, Funzione &#8211; memorizza le impostazioni di utilizzo dell\u2019utente loggato identificato tramite [UID] che corrisponde al numero progressivo dell\u2019utente registrato;<br>6.Nome &#8211; catAccCookies, Tipologia &#8211; cookie tecnico, Durata \u2013 1 anno, Funzione &#8211; memorizza le impostazioni di utilizzo dell\u2019utente in relazione all\u2019accettazione della policy sui cookies.<\/p>\n<p><strong>Cookie di monitoraggio<\/strong><\/p>\n<p>I cookie di monitoraggio possono essere disabilitati senza nessuna conseguenza sulla navigazione del sito.<br>Questo sito per la Formazione si avvale del servizio Google Analytics della societ\u00e0 Google, Inc. (di seguito \u201cGoogle\u201d) per la generazione di statistiche sull\u2019utilizzo del portale web; Google Analytics utilizza cookie (non di terze parti) che non memorizzano dati personali. Le informazioni ricavabili dai cookie sull\u2019utilizzo del sito web da parte degli utenti (compresi gli indirizzi IP) verranno trasmesse dal browser dell\u2019utente a Google, con sede a 1600 Amphitheatre Parkway, Mountain View, CA 94043, Stati Uniti, e depositate presso i server della societ\u00e0 stessa.<\/p>\n<p>Secondo i<a href=\"http:\/\/www.google.com\/analytics\/terms\/it.html\" target=\"_blank\" rel=\"noopener\">&nbsp;<u>termini di servizio<\/u><\/a>&nbsp;<em>(il link \u00e8 il seguente: http:\/\/www.google.com\/analytics\/terms\/it.html)&nbsp;<\/em>in essere, Google utilizzer\u00e0 queste informazioni, in qualit\u00e0 di titolare autonomo del trattamento, allo scopo di tracciare e esaminare l\u2019utilizzo del sito web, compilare report sulle attivit\u00e0 del sito ad uso degli operatori del sito stesso e fornire altri servizi relativi alle attivit\u00e0 del sito web, alle modalit\u00e0 di connessione (mobile, pc, browser utilizzato etc) e alle modalit\u00e0 di ricerca e raggiungimento delle pagine del portale. Google pu\u00f2 anche trasferire queste informazioni a terzi ove ci\u00f2 sia imposto dalla legge o laddove tali terzi trattino le suddette informazioni per conto di Google. Google non associer\u00e0 gli indirizzi IP a nessun altro dato posseduto da Google.<\/p>\n<p>Per consultare l\u2019informativa privacy della societ\u00e0 Google, relativa al servizio Google Analytics, si prega di visitare il sito Internet&nbsp;&nbsp;<a href=\"http:\/\/www.google.com\/intl\/en\/analytics\/privacyoverview.html\" target=\"_blank\" rel=\"noopener\">http:\/\/www.google.com\/intl\/en\/analytics\/privacyoverview.html<\/a>.<\/p>\n<p>Per conoscere le norme sulla privacy di Google, si invita a vistare il sito Internet&nbsp;<a href=\"http:\/\/www.google.com\/intl\/it\/privacy\/privacy-policy.html\" target=\"_blank\" rel=\"noopener\">http:\/\/www.google.com\/intl\/it\/privacy\/privacy-policy.html<\/a>.<\/p>\n<p>Utilizzando il presente sito web, si acconsente al trattamento dei propri dati da parte di Google per le modalit\u00e0 e i fini sopra indicati.<\/p>\n<p>Nome &#8211; _ga , Tipologia &#8211; cookie di tracciamento, Durata \u2013 2 anni, Funzione &#8211; generazione di statistiche sull\u2019utilizzo del sito web.<\/p>\n<p><strong>Privacy Policy del sito https:\/\/masaiadventure.com\/<\/strong><\/p>\n<p>Per ulteriori approfondimenti ed una Privacy Policy completa del sito https:\/\/masaiadventure.com\/ clicca&nbsp;<a href=\"https:\/\/masaiadventure.com\/it\/info-legali\/\" target=\"_blank\" rel=\"noopener\"><u>qui.<\/u>&nbsp;<\/a><em>(<\/em>https:\/\/masaiadventure.com\/it\/info-legali\/<\/p>\n<p><strong>Verifica i tuoi cookies comportamentali<\/strong><\/p>\n<p>E\u2019 possibile prendere visione dei cookies di tipo comportamentale presenti sul proprio browser per il tracciamento delle attivit\u00e0 visitando l\u2019indirizzo<\/p>\n<p><u><a href=\"http:\/\/www.youronlinechoices.com\/it\/le-tue-scelte\/\">http:\/\/www.youronlinechoices.com\/it\/le-tue-scelte\/<\/a><\/u><\/p>\n<p><strong>Riferimenti legali<\/strong><\/p>\n<p>Avviso agli Utenti europei: la presente informativa privacy \u00e8 redatta in adempimento degli obblighi previsti dagli artt. 13-14 Reg.to UE 2016\/679, nonch\u00e9 a quanto previsto dalla Direttiva 2002\/58\/CE, come aggiornata dalla Direttiva 2009\/136\/CE, in materia di Cookie. Questa informativa privacy riguarda esclusivamente questo sito web.<\/p>\n<p><strong>Per maggiori informazioni puoi contattare il Titolare del trattamento:<\/strong><\/p>\n<h4><strong>Ragione Sociale:&nbsp;<\/strong><span style=\"background-color: rgba(239, 231, 215, 0);\"><b>Erika &amp; Jakobo MasaiAdventure Safari LMT&nbsp;<\/b><\/span><\/h4>\n<p>Sede legale: Mabalanga &#8211; P.O. Box 8 Handeni &#8211; TANZANIA<br>Sede operativa:&nbsp;Mabalanga &#8211; P.O. Box 8 Handeni &#8211; TANZANIA<br>Telefono: +255 712808245&nbsp; &#8211;&nbsp; &nbsp;+255 624929552<br>Email:&nbsp;<span style=\"background-color: rgba(239, 231, 215, 0);\">info@masaiadventure.com<\/span><\/p>\t\t\t\t\t\t\t\t<\/div>\n\t\t\t\t<\/div>\n\t\t\t\t\t<\/div>\n\t\t\t\t<\/div>\n\t\t\t\t<\/div>\n\t\t","protected":false},"excerpt":{"rendered":"<p>Informativa sui cookies&nbsp; Questa informativa illustra in dettaglio come questo sito utilizza i cookie nonche\u0301 i file tipo cookie e le tecnologie sui suoi siti web, ad esempio i Local Shared Objects, noti anche come i &#8220;cookie di Flash&#8221;, i Web beacon, ecc. Ci riferiremo a questi generalmente come \u201ccookie\u201d. Se visiti il nostro sito [&hellip;]<\/p>\n","protected":false},"author":1,"featured_media":0,"parent":0,"menu_order":0,"comment_status":"closed","ping_status":"closed","template":"elementor_header_footer","meta":{"footnotes":""},"class_list":["post-2270","page","type-page","status-publish","hentry"],"yoast_head":"<!-- This site is optimized with the Yoast SEO plugin v27.4 - https:\/\/yoast.com\/product\/yoast-seo-wordpress\/ -->\n<title>Cookie policy - masaiadventure<\/title>\n<meta name=\"robots\" content=\"index, follow, max-snippet:-1, max-image-preview:large, max-video-preview:-1\" \/>\n<link rel=\"canonical\" href=\"https:\/\/masaiadventure.com\/it\/cookie-policy\/\" \/>\n<meta property=\"og:locale\" content=\"it_IT\" \/>\n<meta property=\"og:type\" content=\"article\" \/>\n<meta property=\"og:title\" content=\"Cookie policy - masaiadventure\" \/>\n<meta property=\"og:description\" content=\"Informativa sui cookies&nbsp; Questa informativa illustra in dettaglio come questo sito utilizza i cookie nonche\u0301 i file tipo cookie e le tecnologie sui suoi siti web, ad esempio i Local Shared Objects, noti anche come i &#8220;cookie di Flash&#8221;, i Web beacon, ecc. Ci riferiremo a questi generalmente come \u201ccookie\u201d. Se visiti il nostro sito [&hellip;]\" \/>\n<meta property=\"og:url\" content=\"https:\/\/masaiadventure.com\/it\/cookie-policy\/\" \/>\n<meta property=\"og:site_name\" content=\"masaiadventure\" \/>\n<meta property=\"article:modified_time\" content=\"2026-04-16T18:53:09+00:00\" \/>\n<meta name=\"twitter:card\" content=\"summary_large_image\" \/>\n<meta name=\"twitter:label1\" content=\"Tempo di lettura stimato\" \/>\n\t<meta name=\"twitter:data1\" content=\"8 minuti\" \/>\n<script type=\"application\/ld+json\" class=\"yoast-schema-graph\">{\"@context\":\"https:\\\/\\\/schema.org\",\"@graph\":[{\"@type\":\"WebPage\",\"@id\":\"https:\\\/\\\/masaiadventure.com\\\/it\\\/cookie-policy\\\/\",\"url\":\"https:\\\/\\\/masaiadventure.com\\\/it\\\/cookie-policy\\\/\",\"name\":\"Cookie policy - masaiadventure\",\"isPartOf\":{\"@id\":\"https:\\\/\\\/masaiadventure.com\\\/#website\"},\"datePublished\":\"2024-10-07T09:12:39+00:00\",\"dateModified\":\"2026-04-16T18:53:09+00:00\",\"breadcrumb\":{\"@id\":\"https:\\\/\\\/masaiadventure.com\\\/it\\\/cookie-policy\\\/#breadcrumb\"},\"inLanguage\":\"it-IT\",\"potentialAction\":[{\"@type\":\"ReadAction\",\"target\":[\"https:\\\/\\\/masaiadventure.com\\\/it\\\/cookie-policy\\\/\"]}]},{\"@type\":\"BreadcrumbList\",\"@id\":\"https:\\\/\\\/masaiadventure.com\\\/it\\\/cookie-policy\\\/#breadcrumb\",\"itemListElement\":[{\"@type\":\"ListItem\",\"position\":1,\"name\":\"Home\",\"item\":\"https:\\\/\\\/masaiadventure.com\\\/it\\\/\"},{\"@type\":\"ListItem\",\"position\":2,\"name\":\"Cookie policy\"}]},{\"@type\":\"WebSite\",\"@id\":\"https:\\\/\\\/masaiadventure.com\\\/#website\",\"url\":\"https:\\\/\\\/masaiadventure.com\\\/\",\"name\":\"masaiadventure\",\"description\":\"\",\"publisher\":{\"@id\":\"https:\\\/\\\/masaiadventure.com\\\/#organization\"},\"potentialAction\":[{\"@type\":\"SearchAction\",\"target\":{\"@type\":\"EntryPoint\",\"urlTemplate\":\"https:\\\/\\\/masaiadventure.com\\\/?s={search_term_string}\"},\"query-input\":{\"@type\":\"PropertyValueSpecification\",\"valueRequired\":true,\"valueName\":\"search_term_string\"}}],\"inLanguage\":\"it-IT\"},{\"@type\":\"Organization\",\"@id\":\"https:\\\/\\\/masaiadventure.com\\\/#organization\",\"name\":\"masaiadventure\",\"url\":\"https:\\\/\\\/masaiadventure.com\\\/\",\"logo\":{\"@type\":\"ImageObject\",\"inLanguage\":\"it-IT\",\"@id\":\"https:\\\/\\\/masaiadventure.com\\\/#\\\/schema\\\/logo\\\/image\\\/\",\"url\":\"https:\\\/\\\/masaiadventure.com\\\/wp-content\\\/uploads\\\/2024\\\/09\\\/NoSfondoBianco.png\",\"contentUrl\":\"https:\\\/\\\/masaiadventure.com\\\/wp-content\\\/uploads\\\/2024\\\/09\\\/NoSfondoBianco.png\",\"width\":1897,\"height\":1214,\"caption\":\"masaiadventure\"},\"image\":{\"@id\":\"https:\\\/\\\/masaiadventure.com\\\/#\\\/schema\\\/logo\\\/image\\\/\"}}]}<\/script>\n<!-- \/ Yoast SEO plugin. -->","yoast_head_json":{"title":"Cookie policy - masaiadventure","robots":{"index":"index","follow":"follow","max-snippet":"max-snippet:-1","max-image-preview":"max-image-preview:large","max-video-preview":"max-video-preview:-1"},"canonical":"https:\/\/masaiadventure.com\/it\/cookie-policy\/","og_locale":"it_IT","og_type":"article","og_title":"Cookie policy - masaiadventure","og_description":"Informativa sui cookies&nbsp; Questa informativa illustra in dettaglio come questo sito utilizza i cookie nonche\u0301 i file tipo cookie e le tecnologie sui suoi siti web, ad esempio i Local Shared Objects, noti anche come i &#8220;cookie di Flash&#8221;, i Web beacon, ecc. Ci riferiremo a questi generalmente come \u201ccookie\u201d. Se visiti il nostro sito [&hellip;]","og_url":"https:\/\/masaiadventure.com\/it\/cookie-policy\/","og_site_name":"masaiadventure","article_modified_time":"2026-04-16T18:53:09+00:00","twitter_card":"summary_large_image","twitter_misc":{"Tempo di lettura stimato":"8 minuti"},"schema":{"@context":"https:\/\/schema.org","@graph":[{"@type":"WebPage","@id":"https:\/\/masaiadventure.com\/it\/cookie-policy\/","url":"https:\/\/masaiadventure.com\/it\/cookie-policy\/","name":"Cookie policy - masaiadventure","isPartOf":{"@id":"https:\/\/masaiadventure.com\/#website"},"datePublished":"2024-10-07T09:12:39+00:00","dateModified":"2026-04-16T18:53:09+00:00","breadcrumb":{"@id":"https:\/\/masaiadventure.com\/it\/cookie-policy\/#breadcrumb"},"inLanguage":"it-IT","potentialAction":[{"@type":"ReadAction","target":["https:\/\/masaiadventure.com\/it\/cookie-policy\/"]}]},{"@type":"BreadcrumbList","@id":"https:\/\/masaiadventure.com\/it\/cookie-policy\/#breadcrumb","itemListElement":[{"@type":"ListItem","position":1,"name":"Home","item":"https:\/\/masaiadventure.com\/it\/"},{"@type":"ListItem","position":2,"name":"Cookie policy"}]},{"@type":"WebSite","@id":"https:\/\/masaiadventure.com\/#website","url":"https:\/\/masaiadventure.com\/","name":"masaiadventure","description":"","publisher":{"@id":"https:\/\/masaiadventure.com\/#organization"},"potentialAction":[{"@type":"SearchAction","target":{"@type":"EntryPoint","urlTemplate":"https:\/\/masaiadventure.com\/?s={search_term_string}"},"query-input":{"@type":"PropertyValueSpecification","valueRequired":true,"valueName":"search_term_string"}}],"inLanguage":"it-IT"},{"@type":"Organization","@id":"https:\/\/masaiadventure.com\/#organization","name":"masaiadventure","url":"https:\/\/masaiadventure.com\/","logo":{"@type":"ImageObject","inLanguage":"it-IT","@id":"https:\/\/masaiadventure.com\/#\/schema\/logo\/image\/","url":"https:\/\/masaiadventure.com\/wp-content\/uploads\/2024\/09\/NoSfondoBianco.png","contentUrl":"https:\/\/masaiadventure.com\/wp-content\/uploads\/2024\/09\/NoSfondoBianco.png","width":1897,"height":1214,"caption":"masaiadventure"},"image":{"@id":"https:\/\/masaiadventure.com\/#\/schema\/logo\/image\/"}}]}},"_links":{"self":[{"href":"https:\/\/masaiadventure.com\/it\/wp-json\/wp\/v2\/pages\/2270","targetHints":{"allow":["GET"]}}],"collection":[{"href":"https:\/\/masaiadventure.com\/it\/wp-json\/wp\/v2\/pages"}],"about":[{"href":"https:\/\/masaiadventure.com\/it\/wp-json\/wp\/v2\/types\/page"}],"author":[{"embeddable":true,"href":"https:\/\/masaiadventure.com\/it\/wp-json\/wp\/v2\/users\/1"}],"replies":[{"embeddable":true,"href":"https:\/\/masaiadventure.com\/it\/wp-json\/wp\/v2\/comments?post=2270"}],"version-history":[{"count":17,"href":"https:\/\/masaiadventure.com\/it\/wp-json\/wp\/v2\/pages\/2270\/revisions"}],"predecessor-version":[{"id":4420,"href":"https:\/\/masaiadventure.com\/it\/wp-json\/wp\/v2\/pages\/2270\/revisions\/4420"}],"wp:attachment":[{"href":"https:\/\/masaiadventure.com\/it\/wp-json\/wp\/v2\/media?parent=2270"}],"curies":[{"name":"wp","href":"https:\/\/api.w.org\/{rel}","templated":true}]}}